{"id":13,"date":"2023-01-28T17:54:45","date_gmt":"2023-01-28T17:54:45","guid":{"rendered":"https:\/\/dermigalestetic.com\/?page_id=13"},"modified":"2023-08-23T18:20:55","modified_gmt":"2023-08-23T18:20:55","slug":"quienes-somos","status":"publish","type":"page","link":"https:\/\/dermigalestetic.com\/index.php\/quienes-somos\/","title":{"rendered":"Quienes Somos"},"content":{"rendered":"<p>[et_pb_section fb_built=\u00bb1&#8243; _builder_version=\u00bb4.19.4&#8243; _module_preset=\u00bbdefault\u00bb custom_margin_tablet=\u00bb\u00bb custom_margin_phone=\u00bb7em||||false|false\u00bb custom_margin_last_edited=\u00bbon|phone\u00bb global_colors_info=\u00bb{}\u00bb][et_pb_row column_structure=\u00bb1_2,1_2&#8243; _builder_version=\u00bb4.19.4&#8243; _module_preset=\u00bbdefault\u00bb module_alignment=\u00bbcenter\u00bb custom_margin_tablet=\u00bb-10em||||false|false\u00bb custom_margin_phone=\u00bb-10em||||false|false\u00bb custom_margin_last_edited=\u00bbon|desktop\u00bb animation_style=\u00bbslide\u00bb custom_css_main_element=\u00bbdisplay: flex;||align-items: center;||flex-wrap: wrap;\u00bb global_colors_info=\u00bb{}\u00bb][et_pb_column type=\u00bb1_2&#8243; _builder_version=\u00bb4.19.4&#8243; _module_preset=\u00bbdefault\u00bb global_colors_info=\u00bb{}\u00bb][et_pb_text _builder_version=\u00bb4.19.4&#8243; text_font=\u00bbOpen Sans||||||||\u00bb text_line_height=\u00bb2em\u00bb header_font=\u00bb||||||||\u00bb header_2_font=\u00bbBranch|600|||||||\u00bb header_2_text_color=\u00bbgcid-aa283da3-ac4f-4243-9d7d-4010d5b6afe9&#8243; header_2_font_size=\u00bb4rem\u00bb header_2_line_height=\u00bb1.4em\u00bb header_3_font=\u00bbNunito|700||on|||||\u00bb header_3_font_size=\u00bb14px\u00bb header_3_letter_spacing=\u00bb5px\u00bb header_3_line_height=\u00bb1.8em\u00bb width_tablet=\u00bb\u00bb width_phone=\u00bbauto\u00bb width_last_edited=\u00bbon|phone\u00bb animation_style=\u00bbzoom\u00bb animation_intensity_zoom=\u00bb5%\u00bb header_2_font_size_tablet=\u00bb40px\u00bb header_2_font_size_phone=\u00bb3rem\u00bb header_2_font_size_last_edited=\u00bbon|phone\u00bb header_3_font_size_tablet=\u00bb\u00bb header_3_font_size_phone=\u00bb10px\u00bb header_3_font_size_last_edited=\u00bbon|phone\u00bb locked=\u00bboff\u00bb global_colors_info=\u00bb{%22gcid-aa283da3-ac4f-4243-9d7d-4010d5b6afe9%22:%91%22header_2_text_color%22%93}\u00bb header_5_font_size__hover=\u00bb16px\u00bb header_5_font_size__hover_enabled=\u00bb16px\u00bb header_5_letter_spacing__hover=\u00bb0px\u00bb header_5_letter_spacing__hover_enabled=\u00bb0px\u00bb header_5_line_height__hover=\u00bb1em\u00bb header_5_line_height__hover_enabled=\u00bb1em\u00bb header_5_text_shadow_style__hover=\u00bbnone\u00bb header_5_text_shadow_style__hover_enabled=\u00bbnone\u00bb header_5_text_shadow_color__hover=\u00bbrgba(0,0,0,0.4)\u00bb header_5_text_shadow_color__hover_enabled=\u00bbrgba(0,0,0,0.4)\u00bb header_font_size__hover=\u00bb30px\u00bb header_font_size__hover_enabled=\u00bb30px\u00bb header_letter_spacing__hover=\u00bb0px\u00bb header_letter_spacing__hover_enabled=\u00bb0px\u00bb header_text_shadow_style__hover=\u00bbnone\u00bb header_text_shadow_style__hover_enabled=\u00bbnone\u00bb header_text_shadow_color__hover=\u00bbrgba(0,0,0,0.4)\u00bb header_text_shadow_color__hover_enabled=\u00bbrgba(0,0,0,0.4)\u00bb header_6_font_size__hover=\u00bb14px\u00bb header_6_font_size__hover_enabled=\u00bb14px\u00bb header_6_letter_spacing__hover=\u00bb0px\u00bb header_6_letter_spacing__hover_enabled=\u00bb0px\u00bb header_6_line_height__hover=\u00bb1em\u00bb header_6_line_height__hover_enabled=\u00bb1em\u00bb header_6_text_shadow_style__hover=\u00bbnone\u00bb header_6_text_shadow_style__hover_enabled=\u00bbnone\u00bb header_6_text_shadow_color__hover=\u00bbrgba(0,0,0,0.4)\u00bb header_6_text_shadow_color__hover_enabled=\u00bbrgba(0,0,0,0.4)\u00bb]<\/p>\n<h3>Bienvenido a Dermical<\/h3>\n<h2>Quienes Somos<\/h2>\n<div>Somos su Centro Est\u00e9tico avanzado l\u00e1ser, nos especializamos en tratamientos corporales, faciales y post quir\u00fargicos con lo \u00faltimo en tecnolog\u00eda l\u00e1ser y aparatolog\u00eda de primera, profesionales capacitados para brindarle una experiencia \u00fanica y sin igual.<\/div>\n<div>\u00a1Queremos se parte de tu nuevo yo!<\/div>\n<p>[\/et_pb_text][\/et_pb_column][et_pb_column type=\u00bb1_2&#8243; _builder_version=\u00bb4.19.4&#8243; _module_preset=\u00bbdefault\u00bb global_colors_info=\u00bb{}\u00bb][et_pb_image src=\u00bbhttps:\/\/dermigalestetic.com\/wp-content\/uploads\/2023\/01\/about.png\u00bb title_text=\u00bbabout\u00bb _builder_version=\u00bb4.19.4&#8243; _module_preset=\u00bbdefault\u00bb width=\u00bb34vw\u00bb width_tablet=\u00bb34vw\u00bb width_phone=\u00bbauto\u00bb width_last_edited=\u00bbon|phone\u00bb module_alignment=\u00bbleft\u00bb global_colors_info=\u00bb{}\u00bb][\/et_pb_image][\/et_pb_column][\/et_pb_row][et_pb_row _builder_version=\u00bb4.19.4&#8243; _module_preset=\u00bbdefault\u00bb global_colors_info=\u00bb{}\u00bb][et_pb_column type=\u00bb4_4&#8243; _builder_version=\u00bb4.19.4&#8243; _module_preset=\u00bbdefault\u00bb global_colors_info=\u00bb{}\u00bb][et_pb_text _builder_version=\u00bb4.19.4&#8243; _module_preset=\u00bbdefault\u00bb header_2_font=\u00bbBranch|700|||||||\u00bb header_2_text_align=\u00bbcenter\u00bb header_2_text_color=\u00bbgcid-aa283da3-ac4f-4243-9d7d-4010d5b6afe9&#8243; header_2_font_size=\u00bb3rem\u00bb custom_margin=\u00bb5em||||false|false\u00bb animation_style=\u00bbslide\u00bb global_colors_info=\u00bb{%22gcid-aa283da3-ac4f-4243-9d7d-4010d5b6afe9%22:%91%22header_2_text_color%22%93}\u00bb]<\/p>\n<h2>Nuestro Equipo<\/h2>\n<p>[\/et_pb_text][\/et_pb_column][\/et_pb_row][et_pb_row column_structure=\u00bb1_2,1_2&#8243; _builder_version=\u00bb4.19.4&#8243; _module_preset=\u00bbdefault\u00bb animation_style=\u00bbslide\u00bb global_colors_info=\u00bb{}\u00bb][et_pb_column type=\u00bb1_2&#8243; admin_label=\u00bbeliana\u00bb _builder_version=\u00bb4.19.4&#8243; _module_preset=\u00bbdefault\u00bb global_colors_info=\u00bb{}\u00bb][et_pb_blurb title=\u00bbDra Eliana Charfuelan\u00bb image=\u00bbhttps:\/\/dermigalestetic.com\/wp-content\/uploads\/2023\/04\/eliana-scaled.jpg\u00bb _builder_version=\u00bb4.19.4&#8243; _module_preset=\u00bbdefault\u00bb header_font=\u00bbBranch||||||||\u00bb header_text_color=\u00bbgcid-aa283da3-ac4f-4243-9d7d-4010d5b6afe9&#8243; header_font_size=\u00bb39px\u00bb header_line_height=\u00bb1.7em\u00bb body_font=\u00bbLato||||||||\u00bb body_font_size=\u00bb21px\u00bb body_line_height=\u00bb1.3em\u00bb border_radii_image=\u00bbon|30px|30px|30px|30px\u00bb border_color_all_image=\u00bbgcid-aa283da3-ac4f-4243-9d7d-4010d5b6afe9&#8243; global_colors_info=\u00bb{%22gcid-aa283da3-ac4f-4243-9d7d-4010d5b6afe9%22:%91%22border_color_all_image%22,%22header_text_color%22%93}\u00bb]<\/p>\n<p>Cirujana Pl\u00e1stica, reconstructiva y Est\u00e9tica<\/p>\n<p>[\/et_pb_blurb][\/et_pb_column][et_pb_column type=\u00bb1_2&#8243; admin_label=\u00bbbryan\u00bb _builder_version=\u00bb4.19.4&#8243; _module_preset=\u00bbdefault\u00bb global_colors_info=\u00bb{}\u00bb][et_pb_blurb title=\u00bbPhD (c) Bryan Garz\u00f3n\u00bb image=\u00bbhttps:\/\/dermigalestetic.com\/wp-content\/uploads\/2023\/03\/bryan-1-scaled.jpg\u00bb _builder_version=\u00bb4.19.4&#8243; _module_preset=\u00bbdefault\u00bb header_font=\u00bbBranch||||||||\u00bb header_text_color=\u00bbgcid-aa283da3-ac4f-4243-9d7d-4010d5b6afe9&#8243; header_font_size=\u00bb39px\u00bb header_line_height=\u00bb1.7em\u00bb body_font=\u00bbLato||||||||\u00bb body_font_size=\u00bb21px\u00bb body_line_height=\u00bb1.3em\u00bb border_radii_image=\u00bbon|30px|30px|30px|30px\u00bb border_color_all_image=\u00bbgcid-aa283da3-ac4f-4243-9d7d-4010d5b6afe9&#8243; global_colors_info=\u00bb{%22gcid-aa283da3-ac4f-4243-9d7d-4010d5b6afe9%22:%91%22border_color_all_image%22,%22header_text_color%22%93}\u00bb]<\/p>\n<p>PhD (c). \u201cDoctor en Educaci\u00f3n\u201d \/ Mag\u00edster en \u201cEntrenamiento Deportivo\u201d \/ Licenciado en \u201cCiencias de la Actividad F\u00edsica Deportes y Recreaci\u00f3n\u201d \/ Interprete en el Lenguaje de Se\u00f1as Ecuatorianas, Ingl\u00e9s y Portugu\u00e9s.<\/p>\n<p>Catedr\u00e1tico, del Centro Internacional Iberoamericano de M\u00e9xico<\/p>\n<p>&nbsp;<\/p>\n<p>Personal trainer de la actividad fisica deporte y recreaci\u00f3n en el sector de convencional como discapacidad, para personas sedentarias como al alto rendimiento AR<\/p>\n<p>[\/et_pb_blurb][\/et_pb_column][\/et_pb_row][et_pb_row column_structure=\u00bb1_2,1_2&#8243; _builder_version=\u00bb4.19.4&#8243; _module_preset=\u00bbdefault\u00bb custom_margin=\u00bb5em||||false|false\u00bb animation_style=\u00bbslide\u00bb global_colors_info=\u00bb{}\u00bb][et_pb_column type=\u00bb1_2&#8243; _builder_version=\u00bb4.19.4&#8243; _module_preset=\u00bbdefault\u00bb global_colors_info=\u00bb{}\u00bb][et_pb_blurb title=\u00bbTratamientos Faciales\u00bb url=\u00bb@ET-DC@eyJkeW5hbWljIjp0cnVlLCJjb250ZW50IjoicG9zdF9saW5rX3VybF9wYWdlIiwic2V0dGluZ3MiOnsicG9zdF9pZCI6IjE2NCJ9fQ==@\u00bb image=\u00bbhttps:\/\/dermigalestetic.com\/wp-content\/uploads\/2023\/02\/facial.jpg\u00bb image_icon_width=\u00bb100%\u00bb icon_alignment=\u00bbleft\u00bb content_max_width=\u00bb559px\u00bb _builder_version=\u00bb4.19.4&#8243; _dynamic_attributes=\u00bburl,link_option_url\u00bb _module_preset=\u00bbdefault\u00bb header_font=\u00bbBranch||||||||\u00bb header_text_color=\u00bbgcid-aa283da3-ac4f-4243-9d7d-4010d5b6afe9&#8243; header_font_size=\u00bb2rem\u00bb body_font=\u00bbNunito|300|||||||\u00bb link_option_url=\u00bb@ET-DC@eyJkeW5hbWljIjp0cnVlLCJjb250ZW50IjoicG9zdF9saW5rX3VybF9wYWdlIiwic2V0dGluZ3MiOnsicG9zdF9pZCI6IjE2NCJ9fQ==@\u00bb border_radii_image=\u00bbon|10px|10px|10px|10px\u00bb global_colors_info=\u00bb{%22gcid-aa283da3-ac4f-4243-9d7d-4010d5b6afe9%22:%91%22header_text_color%22%93}\u00bb][\/et_pb_blurb][\/et_pb_column][et_pb_column type=\u00bb1_2&#8243; _builder_version=\u00bb4.19.4&#8243; _module_preset=\u00bbdefault\u00bb global_colors_info=\u00bb{}\u00bb][et_pb_blurb title=\u00bbTratamientos Corporales\u00bb url=\u00bb@ET-DC@eyJkeW5hbWljIjp0cnVlLCJjb250ZW50IjoicG9zdF9saW5rX3VybF9wYWdlIiwic2V0dGluZ3MiOnsicG9zdF9pZCI6IjI2OSJ9fQ==@\u00bb image=\u00bbhttps:\/\/dermigalestetic.com\/wp-content\/uploads\/2023\/02\/corporales.jpg\u00bb image_icon_width=\u00bb100%\u00bb icon_alignment=\u00bbleft\u00bb content_max_width=\u00bb559px\u00bb _builder_version=\u00bb4.19.4&#8243; _dynamic_attributes=\u00bburl,link_option_url\u00bb _module_preset=\u00bbdefault\u00bb header_font=\u00bbBranch||||||||\u00bb header_text_color=\u00bbgcid-aa283da3-ac4f-4243-9d7d-4010d5b6afe9&#8243; header_font_size=\u00bb2rem\u00bb body_font=\u00bbNunito|300|||||||\u00bb link_option_url=\u00bb@ET-DC@eyJkeW5hbWljIjp0cnVlLCJjb250ZW50IjoicG9zdF9saW5rX3VybF9wYWdlIiwic2V0dGluZ3MiOnsicG9zdF9pZCI6IjI2OSJ9fQ==@\u00bb border_radii_image=\u00bbon|10px|10px|10px|10px\u00bb global_colors_info=\u00bb{%22gcid-aa283da3-ac4f-4243-9d7d-4010d5b6afe9%22:%91%22header_text_color%22%93,%22gcid-8024ff76-1649-4cf1-929f-c5cc86dbf991%22:%91%22header_text_color%22,%22header_text_color%22%93}\u00bb][\/et_pb_blurb][\/et_pb_column][\/et_pb_row][\/et_pb_section][et_pb_section fb_built=\u00bb1&#8243; custom_padding_last_edited=\u00bbon|phone\u00bb prev_background_color=\u00bb#ffffff\u00bb next_background_color=\u00bb#ffffff\u00bb _builder_version=\u00bb4.19.4&#8243; _module_preset=\u00bbdefault\u00bb use_background_color_gradient=\u00bbon\u00bb background_color_gradient_stops=\u00bbrgba(49,128,192,0.2) 0%|gcid-2f4645f7-9986-4c42-8e3a-7ef3eab8acae 100%\u00bb background_color_gradient_overlays_image=\u00bbon\u00bb background_color_gradient_start=\u00bbrgba(49,128,192,0.2)\u00bb background_color_gradient_end=\u00bbrgba(49,128,192,0.6)\u00bb background_image=\u00bbhttps:\/\/dermigalestetic.com\/wp-content\/uploads\/2023\/01\/flyer-beautiful-female-body-on-pink-min-scaled.jpg\u00bb custom_margin=\u00bb|0px||0px|false|false\u00bb custom_padding=\u00bb14em|0px|14em|0px|true|false\u00bb custom_padding_tablet=\u00bb100px||100px|\u00bb custom_padding_phone=\u00bb|||\u00bb top_divider_style=\u00bbramp2&#8243; top_divider_flip=\u00bbhorizontal\u00bb bottom_divider_style=\u00bbramp2&#8243; bottom_divider_height=\u00bb124px\u00bb bottom_divider_repeat=\u00bb1x\u00bb bottom_divider_flip=\u00bbvertical\u00bb animation_style=\u00bbslide\u00bb animation_direction=\u00bbleft\u00bb animation_intensity_slide=\u00bb5%\u00bb border_color_all=\u00bbgcid-aa283da3-ac4f-4243-9d7d-4010d5b6afe9&#8243; border_width_right=\u00bb0vw\u00bb box_shadow_style=\u00bbpreset4&#8243; box_shadow_horizontal=\u00bb20px\u00bb box_shadow_vertical=\u00bb0px\u00bb box_shadow_color=\u00bbrgba(246,196,195,0.71)\u00bb global_colors_info=\u00bb{%22gcid-aa283da3-ac4f-4243-9d7d-4010d5b6afe9%22:%91%22border_color_all%22%93,%22gcid-2f4645f7-9986-4c42-8e3a-7ef3eab8acae%22:%91%22background_color_gradient_stops%22%93}\u00bb][et_pb_row column_structure=\u00bb1_2,1_2&#8243; _builder_version=\u00bb4.19.4&#8243; _module_preset=\u00bbdefault\u00bb global_colors_info=\u00bb{}\u00bb][et_pb_column type=\u00bb1_2&#8243; _builder_version=\u00bb4.19.4&#8243; _module_preset=\u00bbdefault\u00bb global_colors_info=\u00bb{}\u00bb][et_pb_text _builder_version=\u00bb4.19.4&#8243; _module_preset=\u00bbdefault\u00bb text_font=\u00bbNunito||||||||\u00bb text_text_color=\u00bb#FFFFFF\u00bb text_font_size=\u00bb25px\u00bb header_text_color=\u00bb#FFFFFF\u00bb header_2_font=\u00bbBranch||||||||\u00bb header_2_text_color=\u00bb#FFFFFF\u00bb header_2_font_size=\u00bb3rem\u00bb global_colors_info=\u00bb{}\u00bb]<\/p>\n<h2><span style=\"font-weight: 400;\">Recup\u00e9rate por completo y potencia los resultados de tu cirug\u00eda<\/span><\/h2>\n<p><span style=\"font-weight: 400;\">Con nuestra rehabilitaci\u00f3n postoperatoria previenes una mala cicatrizaci\u00f3n de los tejidos y la retenci\u00f3n de l\u00edquidos\u00a0<\/span><\/p>\n<p>[\/et_pb_text][et_pb_button button_url=\u00bb@ET-DC@eyJkeW5hbWljIjp0cnVlLCJjb250ZW50IjoicG9zdF9saW5rX3VybF9wYWdlIiwic2V0dGluZ3MiOnsicG9zdF9pZCI6IjE5In19@\u00bb button_text=\u00bbContacto\u00bb button_alignment=\u00bbleft\u00bb _builder_version=\u00bb4.19.4&#8243; _dynamic_attributes=\u00bbbutton_url\u00bb _module_preset=\u00bbdefault\u00bb custom_button=\u00bbon\u00bb button_text_color=\u00bbgcid-aa283da3-ac4f-4243-9d7d-4010d5b6afe9&#8243; button_bg_color=\u00bb#FFFFFF\u00bb button_border_width=\u00bb0px\u00bb button_border_radius=\u00bb58px\u00bb global_colors_info=\u00bb{%22gcid-aa283da3-ac4f-4243-9d7d-4010d5b6afe9%22:%91%22button_text_color%22%93}\u00bb][\/et_pb_button][\/et_pb_column][et_pb_column type=\u00bb1_2&#8243; _builder_version=\u00bb4.19.4&#8243; _module_preset=\u00bbdefault\u00bb global_colors_info=\u00bb{}\u00bb][\/et_pb_column][\/et_pb_row][\/et_pb_section]<\/p>\n","protected":false},"excerpt":{"rendered":"<p>Bienvenido a Dermical Quienes Somos Somos su Centro Est\u00e9tico avanzado l\u00e1ser, nos especializamos en tratamientos corporales, faciales y post quir\u00fargicos con lo \u00faltimo en tecnolog\u00eda l\u00e1ser y aparatolog\u00eda de primera, profesionales capacitados para brindarle una experiencia \u00fanica y sin igual. \u00a1Queremos se parte de tu nuevo yo!Nuestro EquipoCirujana Pl\u00e1stica, reconstructiva y Est\u00e9ticaPhD (c). \u201cDoctor en [&hellip;]<\/p>\n","protected":false},"author":1,"featured_media":0,"parent":0,"menu_order":0,"comment_status":"closed","ping_status":"closed","template":"","meta":{"_et_pb_use_builder":"on","_et_pb_old_content":"","_et_gb_content_width":"","_joinchat":[],"footnotes":""},"class_list":["post-13","page","type-page","status-publish","hentry"],"_links":{"self":[{"href":"https:\/\/dermigalestetic.com\/index.php\/wp-json\/wp\/v2\/pages\/13"}],"collection":[{"href":"https:\/\/dermigalestetic.com\/index.php\/wp-json\/wp\/v2\/pages"}],"about":[{"href":"https:\/\/dermigalestetic.com\/index.php\/wp-json\/wp\/v2\/types\/page"}],"author":[{"embeddable":true,"href":"https:\/\/dermigalestetic.com\/index.php\/wp-json\/wp\/v2\/users\/1"}],"replies":[{"embeddable":true,"href":"https:\/\/dermigalestetic.com\/index.php\/wp-json\/wp\/v2\/comments?post=13"}],"version-history":[{"count":28,"href":"https:\/\/dermigalestetic.com\/index.php\/wp-json\/wp\/v2\/pages\/13\/revisions"}],"predecessor-version":[{"id":666,"href":"https:\/\/dermigalestetic.com\/index.php\/wp-json\/wp\/v2\/pages\/13\/revisions\/666"}],"wp:attachment":[{"href":"https:\/\/dermigalestetic.com\/index.php\/wp-json\/wp\/v2\/media?parent=13"}],"curies":[{"name":"wp","href":"https:\/\/api.w.org\/{rel}","templated":true}]}}